{"id":836,"date":"2023-05-10T19:02:39","date_gmt":"2023-05-10T17:02:39","guid":{"rendered":"https:\/\/weinhammel.stilmission.de\/?page_id=836"},"modified":"2026-01-27T15:04:18","modified_gmt":"2026-01-27T14:04:18","slug":"weinkeller","status":"publish","type":"page","link":"https:\/\/www.weinhammel.de\/en\/weinkeller\/","title":{"rendered":"Wine cellar"},"content":{"rendered":"<div data-elementor-type=\"wp-page\" data-elementor-id=\"836\" class=\"elementor elementor-836\" data-elementor-post-type=\"page\">\n\t\t\t\t<div class=\"elementor-element elementor-element-29a1d56 e-con-full e-flex e-con e-parent\" data-id=\"29a1d56\" data-element_type=\"container\" data-e-type=\"container\">\n\t\t<div class=\"elementor-element elementor-element-fdaa2fd e-con-full e-flex e-con e-child\" data-id=\"fdaa2fd\" data-element_type=\"container\" data-e-type=\"container\">\n\t\t\t\t<div class=\"elementor-element elementor-element-53cbd70 elementor-hidden-mobile elementor--h-position-center elementor--v-position-middle elementor-widget elementor-widget-slides\" data-id=\"53cbd70\" data-element_type=\"widget\" data-e-type=\"widget\" data-settings=\"{&quot;navigation&quot;:&quot;none&quot;,&quot;autoplay&quot;:&quot;yes&quot;,&quot;pause_on_hover&quot;:&quot;yes&quot;,&quot;pause_on_interaction&quot;:&quot;yes&quot;,&quot;autoplay_speed&quot;:5000,&quot;infinite&quot;:&quot;yes&quot;,&quot;transition&quot;:&quot;slide&quot;,&quot;transition_speed&quot;:500}\" data-widget_type=\"slides.default\">\n\t\t\t\t<div class=\"elementor-widget-container\">\n\t\t\t\t\t\t\t\t\t<div class=\"elementor-swiper\">\n\t\t\t\t\t<div class=\"elementor-slides-wrapper elementor-main-swiper swiper\" role=\"region\" aria-roledescription=\"carousel\" aria-label=\"Slider\" dir=\"ltr\" data-animation=\"fadeInUp\">\n\t\t\t\t<div class=\"swiper-wrapper elementor-slides\">\n\t\t\t\t\t\t\t\t\t\t<div class=\"elementor-repeater-item-2368f2b swiper-slide\" role=\"group\" aria-roledescription=\"slide\"><div class=\"swiper-slide-bg\" role=\"img\" aria-label=\"HAMMEL-Web-Keller-Banner\"><\/div><div class=\"swiper-slide-inner\" ><div class=\"swiper-slide-contents\"><div class=\"elementor-slide-heading\">The stuff<br>that dreams are made of<\/div><div class=\"elementor-slide-description\">and it must taste good, we know!<\/div><\/div><\/div><\/div>\t\t\t\t<\/div>\n\t\t\t\t\t\t\t<\/div>\n\t\t\t\t<\/div>\n\t\t\t\t\t\t\t\t<\/div>\n\t\t\t\t<\/div>\n\t\t\t\t<div class=\"elementor-element elementor-element-2374af3 elementor-hidden-desktop elementor-hidden-tablet elementor--h-position-center elementor--v-position-middle elementor-widget elementor-widget-slides\" data-id=\"2374af3\" data-element_type=\"widget\" data-e-type=\"widget\" data-settings=\"{&quot;navigation&quot;:&quot;none&quot;,&quot;autoplay&quot;:&quot;yes&quot;,&quot;pause_on_hover&quot;:&quot;yes&quot;,&quot;pause_on_interaction&quot;:&quot;yes&quot;,&quot;autoplay_speed&quot;:5000,&quot;infinite&quot;:&quot;yes&quot;,&quot;transition&quot;:&quot;slide&quot;,&quot;transition_speed&quot;:500}\" data-widget_type=\"slides.default\">\n\t\t\t\t<div class=\"elementor-widget-container\">\n\t\t\t\t\t\t\t\t\t<div class=\"elementor-swiper\">\n\t\t\t\t\t<div class=\"elementor-slides-wrapper elementor-main-swiper swiper\" role=\"region\" aria-roledescription=\"carousel\" aria-label=\"Slider\" dir=\"ltr\" data-animation=\"fadeInUp\">\n\t\t\t\t<div class=\"swiper-wrapper elementor-slides\">\n\t\t\t\t\t\t\t\t\t\t<div class=\"elementor-repeater-item-2368f2b swiper-slide\" role=\"group\" aria-roledescription=\"slide\"><div class=\"swiper-slide-bg\" role=\"img\" aria-label=\"HAMMEL-Web-Keller-Banner-mobil-v2\"><\/div><div class=\"swiper-slide-inner\" ><div class=\"swiper-slide-contents\"><div class=\"elementor-slide-heading\">The stuff<br>that dreams are made of<\/div><div class=\"elementor-slide-description\">and it must taste good, we know!<\/div><\/div><\/div><\/div>\t\t\t\t<\/div>\n\t\t\t\t\t\t\t<\/div>\n\t\t\t\t<\/div>\n\t\t\t\t\t\t\t\t<\/div>\n\t\t\t\t<\/div>\n\t\t\t\t<\/div>\n\t\t\t\t<\/div>\n\t\t<div class=\"elementor-element elementor-element-4332fc2 e-flex e-con-boxed e-con e-parent\" data-id=\"4332fc2\" data-element_type=\"container\" data-e-type=\"container\">\n\t\t\t\t\t<div class=\"e-con-inner\">\n\t\t<div class=\"elementor-element elementor-element-a471ab4 e-con-full e-flex e-con e-child\" data-id=\"a471ab4\" data-element_type=\"container\" data-e-type=\"container\">\n\t\t\t\t<div class=\"elementor-element elementor-element-fda26e3 elementor-widget elementor-widget-heading\" data-id=\"fda26e3\" data-element_type=\"widget\" data-e-type=\"widget\" data-widget_type=\"heading.default\">\n\t\t\t\t<div class=\"elementor-widget-container\">\n\t\t\t\t\t<h2 class=\"elementor-heading-title elementor-size-default\">Wine cellar and aging<\/h2>\t\t\t\t<\/div>\n\t\t\t\t<\/div>\n\t\t\t\t<div class=\"elementor-element elementor-element-cb2f5f2 elementor-widget elementor-widget-text-editor\" data-id=\"cb2f5f2\" data-element_type=\"widget\" data-e-type=\"widget\" data-widget_type=\"text-editor.default\">\n\t\t\t\t<div class=\"elementor-widget-container\">\n\t\t\t\t\t\t\t\t\t<p>We purposely don\u00b4t hang watches<\/p>\t\t\t\t\t\t\t\t<\/div>\n\t\t\t\t<\/div>\n\t\t\t\t<div class=\"elementor-element elementor-element-571fa4c elementor-widget elementor-widget-text-editor\" data-id=\"571fa4c\" data-element_type=\"widget\" data-e-type=\"widget\" data-widget_type=\"text-editor.default\">\n\t\t\t\t<div class=\"elementor-widget-container\">\n\t\t\t\t\t\t\t\t\t<p>In our natural red sandstone wine cellar, which was hand-dug in the middle of the 19th century and built with a vault, time has stood still. One looks for a clock there in vain, on purpose. Time does not matter, because - apart from the work with wines and barrels - it is above all patience and the ability to allow it. The taste, the aroma, and the claim to always bring out the best in the grapes, takes as long as it takes.<\/p><p>We are no different in our craft and philosophy from chefs in a kitchen who give their all for their audience and take the souffl\u00e9 out of the oven again at exactly the right time to serve it to the enthusiastic guests. We understand very well what goes on in a butcher's mind who only releases the air-dried ham for incomparable enjoyment after it has matured with pinpoint accuracy. We understand when the affineur in the cheese dairy is filled with happiness when he delights gourmets while serving a matured cheese. Here, we understand each other. No surprise, because we are all united by the same goal: It needs to inspire and have to have the perfect taste!<\/p>\t\t\t\t\t\t\t\t<\/div>\n\t\t\t\t<\/div>\n\t\t\t\t<div class=\"elementor-element elementor-element-5c52438 elementor-widget elementor-widget-text-editor\" data-id=\"5c52438\" data-element_type=\"widget\" data-e-type=\"widget\" data-widget_type=\"text-editor.default\">\n\t\t\t\t<div class=\"elementor-widget-container\">\n\t\t\t\t\t\t\t\t\t<p>The souffl\u00e9, the matured Parma, a hearty piece of Appenzeller and a fine bottle of wine...<br \/>Who wants to look at the clock while enjoying?<\/p>\t\t\t\t\t\t\t\t<\/div>\n\t\t\t\t<\/div>\n\t\t\t\t<\/div>\n\t\t\t\t\t<\/div>\n\t\t\t\t<\/div>\n\t\t<div class=\"elementor-element elementor-element-0a6beed e-flex e-con-boxed e-con e-parent\" data-id=\"0a6beed\" data-element_type=\"container\" data-e-type=\"container\">\n\t\t\t\t\t<div class=\"e-con-inner\">\n\t\t<div class=\"elementor-element elementor-element-191d1bf e-con-full e-flex e-con e-child\" data-id=\"191d1bf\" data-element_type=\"container\" data-e-type=\"container\">\n\t\t<div class=\"elementor-element elementor-element-0aec0ff e-con-full e-flex e-con e-child\" data-id=\"0aec0ff\" data-element_type=\"container\" data-e-type=\"container\" data-settings=\"{&quot;background_background&quot;:&quot;classic&quot;}\">\n\t\t\t\t<\/div>\n\t\t<div class=\"elementor-element elementor-element-24314a6 e-con-full e-flex e-con e-child\" data-id=\"24314a6\" data-element_type=\"container\" data-e-type=\"container\" data-settings=\"{&quot;background_background&quot;:&quot;classic&quot;}\">\n\t\t\t\t<\/div>\n\t\t<div class=\"elementor-element elementor-element-606cac1 e-con-full e-flex e-con e-child\" data-id=\"606cac1\" data-element_type=\"container\" data-e-type=\"container\" data-settings=\"{&quot;background_background&quot;:&quot;classic&quot;}\">\n\t\t\t\t<\/div>\n\t\t\t\t<\/div>\n\t\t\t\t\t<\/div>\n\t\t\t\t<\/div>\n\t\t<div class=\"elementor-element elementor-element-a390c3e e-flex e-con-boxed e-con e-parent\" data-id=\"a390c3e\" data-element_type=\"container\" data-e-type=\"container\">\n\t\t\t\t\t<div class=\"e-con-inner\">\n\t\t<div class=\"elementor-element elementor-element-c806c91 e-con-full e-flex e-con e-child\" data-id=\"c806c91\" data-element_type=\"container\" data-e-type=\"container\">\n\t\t\t\t<div class=\"elementor-element elementor-element-3a13d8a elementor-widget elementor-widget-heading\" data-id=\"3a13d8a\" data-element_type=\"widget\" data-e-type=\"widget\" data-widget_type=\"heading.default\">\n\t\t\t\t<div class=\"elementor-widget-container\">\n\t\t\t\t\t<h2 class=\"elementor-heading-title elementor-size-default\">Stylistics<\/h2>\t\t\t\t<\/div>\n\t\t\t\t<\/div>\n\t\t\t\t<div class=\"elementor-element elementor-element-4c02517 elementor-widget elementor-widget-text-editor\" data-id=\"4c02517\" data-element_type=\"widget\" data-e-type=\"widget\" data-widget_type=\"text-editor.default\">\n\t\t\t\t<div class=\"elementor-widget-container\">\n\t\t\t\t\t\t\t\t\t<p>All wines bear our signature<\/p>\t\t\t\t\t\t\t\t<\/div>\n\t\t\t\t<\/div>\n\t\t\t\t<div class=\"elementor-element elementor-element-9578506 elementor-widget elementor-widget-text-editor\" data-id=\"9578506\" data-element_type=\"widget\" data-e-type=\"widget\" data-widget_type=\"text-editor.default\">\n\t\t\t\t<div class=\"elementor-widget-container\">\n\t\t\t\t\t\t\t\t\t<p>Wine is made from grapes! Whoever thinks this sentence is a general sentence is mistaken. Wine is made from grapes, but does it always taste like them? A common thread that runs through the style of our wines is an aromatic and refreshing fruit. From minerality, saltiness, leather, herbs, to gunpowder can be the descriptions that can be found to a wine. We are convinced that wine should besides a great taste be simply fun and easy to drink.<\/p>\t\t\t\t\t\t\t\t<\/div>\n\t\t\t\t<\/div>\n\t\t\t\t<div class=\"elementor-element elementor-element-ae29c8e elementor-widget elementor-widget-text-editor\" data-id=\"ae29c8e\" data-element_type=\"widget\" data-e-type=\"widget\" data-widget_type=\"text-editor.default\">\n\t\t\t\t<div class=\"elementor-widget-container\">\n\t\t\t\t\t\t\t\t\t<p>We want an authentic and varietal fruit from ripe and healthy harvested grapes, which makes you want to take a second sip.<\/p>\t\t\t\t\t\t\t\t<\/div>\n\t\t\t\t<\/div>\n\t\t\t\t<\/div>\n\t\t\t\t\t<\/div>\n\t\t\t\t<\/div>\n\t\t<div class=\"elementor-element elementor-element-d112902 e-flex e-con-boxed e-con e-parent\" data-id=\"d112902\" data-element_type=\"container\" data-e-type=\"container\">\n\t\t\t\t\t<div class=\"e-con-inner\">\n\t\t<div class=\"elementor-element elementor-element-bf7b324 e-con-full e-flex e-con e-child\" data-id=\"bf7b324\" data-element_type=\"container\" data-e-type=\"container\">\n\t\t\t\t<div class=\"elementor-element elementor-element-17a138f elementor-widget elementor-widget-heading\" data-id=\"17a138f\" data-element_type=\"widget\" data-e-type=\"widget\" data-widget_type=\"heading.default\">\n\t\t\t\t<div class=\"elementor-widget-container\">\n\t\t\t\t\t<h2 class=\"elementor-heading-title elementor-size-default\">Wine recommendation:<\/h2>\t\t\t\t<\/div>\n\t\t\t\t<\/div>\n\t\t\t\t<div class=\"elementor-element elementor-element-01e22f5 elementor-widget elementor-widget-text-editor\" data-id=\"01e22f5\" data-element_type=\"widget\" data-e-type=\"widget\" data-widget_type=\"text-editor.default\">\n\t\t\t\t<div class=\"elementor-widget-container\">\n\t\t\t\t\t\t\t\t\t<p>What we drink on our cellar<\/p>\t\t\t\t\t\t\t\t<\/div>\n\t\t\t\t<\/div>\n\t\t\t\t<\/div>\n\t\t\t\t\t<\/div>\n\t\t\t\t<\/div>\n\t\t<div class=\"elementor-element elementor-element-e3c8d66 e-flex e-con-boxed e-con e-parent\" data-id=\"e3c8d66\" data-element_type=\"container\" data-e-type=\"container\">\n\t\t\t\t\t<div class=\"e-con-inner\">\n\t\t\t\t<div class=\"elementor-element elementor-element-6cabd17 elementor-invisible elementor-widget elementor-widget-image\" data-id=\"6cabd17\" data-element_type=\"widget\" data-e-type=\"widget\" data-settings=\"{&quot;_animation_mobile&quot;:&quot;slideInLeft&quot;,&quot;_animation&quot;:&quot;fadeInLeft&quot;}\" data-widget_type=\"image.default\">\n\t\t\t\t<div class=\"elementor-widget-container\">\n\t\t\t\t\t\t\t\t\t\t\t\t\t\t\t\t<a href=\"https:\/\/weinhammel-shop.de\/produkt\/2024-der-mit-dem-ros-tanzt\/\" target=\"_blank\">\n\t\t\t\t\t\t\t<img fetchpriority=\"high\" decoding=\"async\" width=\"313\" height=\"1024\" src=\"https:\/\/www.weinhammel.de\/wp-content\/uploads\/2026\/01\/3141_HAMMEL_Der-mit-dem-Rose-tanzt_2024_075l_L-313x1024.jpg\" class=\"attachment-large size-large wp-image-6761\" alt=\"\" srcset=\"https:\/\/www.weinhammel.de\/wp-content\/uploads\/2026\/01\/3141_HAMMEL_Der-mit-dem-Rose-tanzt_2024_075l_L-313x1024.jpg 313w, https:\/\/www.weinhammel.de\/wp-content\/uploads\/2026\/01\/3141_HAMMEL_Der-mit-dem-Rose-tanzt_2024_075l_L-92x300.jpg 92w, https:\/\/www.weinhammel.de\/wp-content\/uploads\/2026\/01\/3141_HAMMEL_Der-mit-dem-Rose-tanzt_2024_075l_L-768x2515.jpg 768w, https:\/\/www.weinhammel.de\/wp-content\/uploads\/2026\/01\/3141_HAMMEL_Der-mit-dem-Rose-tanzt_2024_075l_L-469x1536.jpg 469w, https:\/\/www.weinhammel.de\/wp-content\/uploads\/2026\/01\/3141_HAMMEL_Der-mit-dem-Rose-tanzt_2024_075l_L-4x12.jpg 4w, https:\/\/www.weinhammel.de\/wp-content\/uploads\/2026\/01\/3141_HAMMEL_Der-mit-dem-Rose-tanzt_2024_075l_L-scaled.jpg 782w\" sizes=\"(max-width: 313px) 100vw, 313px\" \/>\t\t\t\t\t\t\t\t<\/a>\n\t\t\t\t\t\t\t\t\t\t\t\t\t\t\t<\/div>\n\t\t\t\t<\/div>\n\t\t\t\t<div class=\"elementor-element elementor-element-12c6b73 elementor-invisible elementor-widget elementor-widget-image\" data-id=\"12c6b73\" data-element_type=\"widget\" data-e-type=\"widget\" data-settings=\"{&quot;_animation_mobile&quot;:&quot;wobble&quot;,&quot;_animation&quot;:&quot;fadeIn&quot;}\" data-widget_type=\"image.default\">\n\t\t\t\t<div class=\"elementor-widget-container\">\n\t\t\t\t\t\t\t\t\t\t\t\t\t\t\t\t<a href=\"https:\/\/weinhammel-shop.de\/produkt\/2024-the-return-of-the-dorfbub\/\" target=\"_blank\">\n\t\t\t\t\t\t\t<img decoding=\"async\" width=\"312\" height=\"1024\" src=\"https:\/\/www.weinhammel.de\/wp-content\/uploads\/2026\/01\/3408_HAMMEL_The-Return-of-the-Dorfbub-312x1024.jpg\" class=\"attachment-large size-large wp-image-6759\" alt=\"\" srcset=\"https:\/\/www.weinhammel.de\/wp-content\/uploads\/2026\/01\/3408_HAMMEL_The-Return-of-the-Dorfbub-312x1024.jpg 312w, https:\/\/www.weinhammel.de\/wp-content\/uploads\/2026\/01\/3408_HAMMEL_The-Return-of-the-Dorfbub-91x300.jpg 91w, https:\/\/www.weinhammel.de\/wp-content\/uploads\/2026\/01\/3408_HAMMEL_The-Return-of-the-Dorfbub-768x2522.jpg 768w, https:\/\/www.weinhammel.de\/wp-content\/uploads\/2026\/01\/3408_HAMMEL_The-Return-of-the-Dorfbub-468x1536.jpg 468w, https:\/\/www.weinhammel.de\/wp-content\/uploads\/2026\/01\/3408_HAMMEL_The-Return-of-the-Dorfbub-624x2048.jpg 624w, https:\/\/www.weinhammel.de\/wp-content\/uploads\/2026\/01\/3408_HAMMEL_The-Return-of-the-Dorfbub-4x12.jpg 4w, https:\/\/www.weinhammel.de\/wp-content\/uploads\/2026\/01\/3408_HAMMEL_The-Return-of-the-Dorfbub-scaled.jpg 780w\" sizes=\"(max-width: 312px) 100vw, 312px\" \/>\t\t\t\t\t\t\t\t<\/a>\n\t\t\t\t\t\t\t\t\t\t\t\t\t\t\t<\/div>\n\t\t\t\t<\/div>\n\t\t\t\t<div class=\"elementor-element elementor-element-dfca034 elementor-invisible elementor-widget elementor-widget-image\" data-id=\"dfca034\" data-element_type=\"widget\" data-e-type=\"widget\" data-settings=\"{&quot;_animation_mobile&quot;:&quot;slideInRight&quot;,&quot;_animation&quot;:&quot;fadeInRight&quot;}\" data-widget_type=\"image.default\">\n\t\t\t\t<div class=\"elementor-widget-container\">\n\t\t\t\t\t\t\t\t\t\t\t\t\t\t\t\t<a href=\"https:\/\/weinhammel-shop.de\/produkt\/sekt-ein-tag-am-meer-sauvignon-blanc-extra-brut\/\" target=\"_blank\">\n\t\t\t\t\t\t\t<img decoding=\"async\" width=\"308\" height=\"1024\" src=\"https:\/\/www.weinhammel.de\/wp-content\/uploads\/2026\/01\/3928_HAMMEL_Sekt_Tag-am-Meer_brut_075l-308x1024.jpg\" class=\"attachment-large size-large wp-image-6760\" alt=\"\" srcset=\"https:\/\/www.weinhammel.de\/wp-content\/uploads\/2026\/01\/3928_HAMMEL_Sekt_Tag-am-Meer_brut_075l-308x1024.jpg 308w, https:\/\/www.weinhammel.de\/wp-content\/uploads\/2026\/01\/3928_HAMMEL_Sekt_Tag-am-Meer_brut_075l-90x300.jpg 90w, https:\/\/www.weinhammel.de\/wp-content\/uploads\/2026\/01\/3928_HAMMEL_Sekt_Tag-am-Meer_brut_075l-768x2557.jpg 768w, https:\/\/www.weinhammel.de\/wp-content\/uploads\/2026\/01\/3928_HAMMEL_Sekt_Tag-am-Meer_brut_075l-4x12.jpg 4w, https:\/\/www.weinhammel.de\/wp-content\/uploads\/2026\/01\/3928_HAMMEL_Sekt_Tag-am-Meer_brut_075l-scaled.jpg 769w\" sizes=\"(max-width: 308px) 100vw, 308px\" \/>\t\t\t\t\t\t\t\t<\/a>\n\t\t\t\t\t\t\t\t\t\t\t\t\t\t\t<\/div>\n\t\t\t\t<\/div>\n\t\t\t\t\t<\/div>\n\t\t\t\t<\/div>\n\t\t<div class=\"elementor-element elementor-element-da00b42 e-flex e-con-boxed e-con e-parent\" data-id=\"da00b42\" data-element_type=\"container\" data-e-type=\"container\">\n\t\t\t\t\t<div class=\"e-con-inner\">\n\t\t\t\t<div class=\"elementor-element elementor-element-bff2b7c elementor-widget elementor-widget-heading\" data-id=\"bff2b7c\" data-element_type=\"widget\" data-e-type=\"widget\" data-widget_type=\"heading.default\">\n\t\t\t\t<div class=\"elementor-widget-container\">\n\t\t\t\t\t<h2 class=\"elementor-heading-title elementor-size-default\"><a href=\"https:\/\/weinhammel-shop.de\/\" target=\"_blank\">Other offers in our store \u27f6<\/a><\/h2>\t\t\t\t<\/div>\n\t\t\t\t<\/div>\n\t\t\t\t\t<\/div>\n\t\t\t\t<\/div>\n\t\t<div class=\"elementor-element elementor-element-2dee3bb e-flex e-con-boxed e-con e-parent\" data-id=\"2dee3bb\" data-element_type=\"container\" data-e-type=\"container\">\n\t\t\t\t\t<div class=\"e-con-inner\">\n\t\t<div class=\"elementor-element elementor-element-2501a3a e-flex e-con-boxed e-con e-child\" data-id=\"2501a3a\" data-element_type=\"container\" data-e-type=\"container\">\n\t\t\t\t\t<div class=\"e-con-inner\">\n\t\t\t\t<div class=\"elementor-element elementor-element-cf46f58 elementor-widget elementor-widget-image\" data-id=\"cf46f58\" data-element_type=\"widget\" data-e-type=\"widget\" data-widget_type=\"image.default\">\n\t\t\t\t<div class=\"elementor-widget-container\">\n\t\t\t\t\t\t\t\t\t\t\t\t\t\t\t<img loading=\"lazy\" decoding=\"async\" width=\"800\" height=\"287\" src=\"https:\/\/www.weinhammel.de\/wp-content\/uploads\/2023\/08\/HAMMEL-Web-Keller-Banner-unten-1024x367.jpg\" class=\"attachment-large size-large wp-image-3130\" alt=\"\" srcset=\"https:\/\/www.weinhammel.de\/wp-content\/uploads\/2023\/08\/HAMMEL-Web-Keller-Banner-unten-1024x367.jpg 1024w, https:\/\/www.weinhammel.de\/wp-content\/uploads\/2023\/08\/HAMMEL-Web-Keller-Banner-unten-300x108.jpg 300w, https:\/\/www.weinhammel.de\/wp-content\/uploads\/2023\/08\/HAMMEL-Web-Keller-Banner-unten-768x275.jpg 768w, https:\/\/www.weinhammel.de\/wp-content\/uploads\/2023\/08\/HAMMEL-Web-Keller-Banner-unten-1536x551.jpg 1536w, https:\/\/www.weinhammel.de\/wp-content\/uploads\/2023\/08\/HAMMEL-Web-Keller-Banner-unten-18x6.jpg 18w, https:\/\/www.weinhammel.de\/wp-content\/uploads\/2023\/08\/HAMMEL-Web-Keller-Banner-unten.jpg 2000w\" sizes=\"(max-width: 800px) 100vw, 800px\" \/>\t\t\t\t\t\t\t\t\t\t\t\t\t\t\t<\/div>\n\t\t\t\t<\/div>\n\t\t\t\t\t<\/div>\n\t\t\t\t<\/div>\n\t\t\t\t\t<\/div>\n\t\t\t\t<\/div>\n\t\t<div class=\"elementor-element elementor-element-18d9f64 e-flex e-con-boxed e-con e-parent\" data-id=\"18d9f64\" data-element_type=\"container\" data-e-type=\"container\">\n\t\t\t\t\t<div class=\"e-con-inner\">\n\t\t<div class=\"elementor-element elementor-element-ebaffb1 e-con-full e-flex e-con e-child\" data-id=\"ebaffb1\" data-element_type=\"container\" data-e-type=\"container\">\n\t\t\t\t<div class=\"elementor-element elementor-element-fcf75c1 elementor-widget elementor-widget-heading\" data-id=\"fcf75c1\" data-element_type=\"widget\" data-e-type=\"widget\" data-widget_type=\"heading.default\">\n\t\t\t\t<div class=\"elementor-widget-container\">\n\t\t\t\t\t<h2 class=\"elementor-heading-title elementor-size-default\">The trinking fun<\/h2>\t\t\t\t<\/div>\n\t\t\t\t<\/div>\n\t\t\t\t<div class=\"elementor-element elementor-element-0aab0e3 elementor-widget elementor-widget-text-editor\" data-id=\"0aab0e3\" data-element_type=\"widget\" data-e-type=\"widget\" data-widget_type=\"text-editor.default\">\n\t\t\t\t<div class=\"elementor-widget-container\">\n\t\t\t\t\t\t\t\t\t<p>plays the starring role<\/p>\t\t\t\t\t\t\t\t<\/div>\n\t\t\t\t<\/div>\n\t\t\t\t<div class=\"elementor-element elementor-element-aaf1c0b elementor-widget elementor-widget-text-editor\" data-id=\"aaf1c0b\" data-element_type=\"widget\" data-e-type=\"widget\" data-widget_type=\"text-editor.default\">\n\t\t\t\t<div class=\"elementor-widget-container\">\n\t\t\t\t\t\t\t\t\t<p>What do painting, music, theater, film, tailoring or a restaurant kitchen have in common? It is the recognizable signature of their products. A defining style that cannot be copied and can be attributed to their producers. Whether a dress, a great menu, or a wine. Whether a tailor-made dress, an exquisite 4-course menu, or a vintage wine - you don't do all that for yourself alone - but to inspire people. We believe that wine does not have to lecture and should not be a status symbol. If our wine gives you some pleasure, then we have done everything right, in the vineyard and in the cellar.<\/p>\t\t\t\t\t\t\t\t<\/div>\n\t\t\t\t<\/div>\n\t\t\t\t<div class=\"elementor-element elementor-element-ce198cd elementor-widget elementor-widget-text-editor\" data-id=\"ce198cd\" data-element_type=\"widget\" data-e-type=\"widget\" data-widget_type=\"text-editor.default\">\n\t\t\t\t<div class=\"elementor-widget-container\">\n\t\t\t\t\t\t\t\t\t<p>Drink what you like, from the daily glass of wine to the top of the range. That's exactly what drives us and why we produce wine.<\/p>\t\t\t\t\t\t\t\t<\/div>\n\t\t\t\t<\/div>\n\t\t\t\t<\/div>\n\t\t\t\t\t<\/div>\n\t\t\t\t<\/div>\n\t\t\t\t<\/div>","protected":false},"excerpt":{"rendered":"<p>Der Stoff,aus dem die Tr\u00e4ume sindund der muss schmecken, finden wir! Der Stoff,aus dem die Tr\u00e4ume sindund der muss schmecken, finden wir! Weinkeller und Reifung Bei uns h\u00e4ngen bewusst keine Uhren In unserem Naturbuntsandstein-Weinkeller, der Mitte des 19. Jahrhunderts handgegraben und mit einem Gew\u00f6lbe gemauert wurde, ist gef\u00fchlt die Zeit stehengeblieben. Eine Uhr sucht man [&hellip;]<\/p>\n","protected":false},"author":1,"featured_media":0,"parent":0,"menu_order":0,"comment_status":"closed","ping_status":"closed","template":"elementor_header_footer","meta":{"footnotes":""},"class_list":["post-836","page","type-page","status-publish","hentry"],"_links":{"self":[{"href":"https:\/\/www.weinhammel.de\/en\/wp-json\/wp\/v2\/pages\/836","targetHints":{"allow":["GET"]}}],"collection":[{"href":"https:\/\/www.weinhammel.de\/en\/wp-json\/wp\/v2\/pages"}],"about":[{"href":"https:\/\/www.weinhammel.de\/en\/wp-json\/wp\/v2\/types\/page"}],"author":[{"embeddable":true,"href":"https:\/\/www.weinhammel.de\/en\/wp-json\/wp\/v2\/users\/1"}],"replies":[{"embeddable":true,"href":"https:\/\/www.weinhammel.de\/en\/wp-json\/wp\/v2\/comments?post=836"}],"version-history":[{"count":0,"href":"https:\/\/www.weinhammel.de\/en\/wp-json\/wp\/v2\/pages\/836\/revisions"}],"wp:attachment":[{"href":"https:\/\/www.weinhammel.de\/en\/wp-json\/wp\/v2\/media?parent=836"}],"curies":[{"name":"wp","href":"https:\/\/api.w.org\/{rel}","templated":true}]}}