{"id":6059,"date":"2023-10-07T12:57:10","date_gmt":"2023-10-07T10:57:10","guid":{"rendered":"https:\/\/weinhammel.stilmission.de\/?page_id=6059"},"modified":"2023-10-07T13:44:11","modified_gmt":"2023-10-07T11:44:11","slug":"business-registrierung","status":"publish","type":"page","link":"https:\/\/www.weinhammel.de\/en\/business-registrierung\/","title":{"rendered":"Business Registrierung"},"content":{"rendered":"\t\t<div data-elementor-type=\"wp-page\" data-elementor-id=\"6059\" class=\"elementor elementor-6059\" data-elementor-post-type=\"page\">\n\t\t\t\t<div class=\"elementor-element elementor-element-ce3a019 e-flex e-con-boxed e-con e-parent\" data-id=\"ce3a019\" data-element_type=\"container\" data-e-type=\"container\">\n\t\t\t\t\t<div class=\"e-con-inner\">\n\t\t<div class=\"elementor-element elementor-element-c58a21a e-con-full e-flex e-con e-child\" data-id=\"c58a21a\" data-element_type=\"container\" data-e-type=\"container\">\n\t\t\t\t<div class=\"elementor-element elementor-element-41187a9 elementor-absolute elementor-widget elementor-widget-image\" data-id=\"41187a9\" data-element_type=\"widget\" data-e-type=\"widget\" data-settings=\"{&quot;_position&quot;:&quot;absolute&quot;}\" data-widget_type=\"image.default\">\n\t\t\t\t<div class=\"elementor-widget-container\">\n\t\t\t\t\t\t\t\t\t\t\t\t\t\t\t<img fetchpriority=\"high\" decoding=\"async\" width=\"800\" height=\"318\" src=\"https:\/\/www.weinhammel.de\/wp-content\/uploads\/2023\/02\/vegan-logo-1024x407.png\" class=\"attachment-large size-large wp-image-102\" alt=\"\" srcset=\"https:\/\/www.weinhammel.de\/wp-content\/uploads\/2023\/02\/vegan-logo-1024x407.png 1024w, https:\/\/www.weinhammel.de\/wp-content\/uploads\/2023\/02\/vegan-logo-300x119.png 300w, https:\/\/www.weinhammel.de\/wp-content\/uploads\/2023\/02\/vegan-logo-768x305.png 768w, https:\/\/www.weinhammel.de\/wp-content\/uploads\/2023\/02\/vegan-logo-18x7.png 18w, https:\/\/www.weinhammel.de\/wp-content\/uploads\/2023\/02\/vegan-logo.png 1138w\" sizes=\"(max-width: 800px) 100vw, 800px\" \/>\t\t\t\t\t\t\t\t\t\t\t\t\t\t\t<\/div>\n\t\t\t\t<\/div>\n\t\t\t\t<\/div>\n\t\t\t\t\t<\/div>\n\t\t\t\t<\/div>\n\t\t<div class=\"elementor-element elementor-element-4332fc2 e-flex e-con-boxed e-con e-parent\" data-id=\"4332fc2\" data-element_type=\"container\" data-e-type=\"container\">\n\t\t\t\t\t<div class=\"e-con-inner\">\n\t\t<div class=\"elementor-element elementor-element-dd8cc87 e-flex e-con-boxed e-con e-child\" data-id=\"dd8cc87\" data-element_type=\"container\" data-e-type=\"container\">\n\t\t\t\t\t<div class=\"e-con-inner\">\n\t\t<div class=\"elementor-element elementor-element-d0ed8cf e-con-full e-flex e-con e-child\" data-id=\"d0ed8cf\" data-element_type=\"container\" data-e-type=\"container\">\n\t\t\t\t<div class=\"elementor-element elementor-element-4e7e228 elementor-widget elementor-widget-heading\" data-id=\"4e7e228\" data-element_type=\"widget\" data-e-type=\"widget\" data-widget_type=\"heading.default\">\n\t\t\t\t<div class=\"elementor-widget-container\">\n\t\t\t\t\t<h2 class=\"elementor-heading-title elementor-size-default\">Business Registrierung<\/h2>\t\t\t\t<\/div>\n\t\t\t\t<\/div>\n\t\t\t\t<div class=\"elementor-element elementor-element-be93a64 elementor-widget elementor-widget-text-editor\" data-id=\"be93a64\" data-element_type=\"widget\" data-e-type=\"widget\" data-widget_type=\"text-editor.default\">\n\t\t\t\t<div class=\"elementor-widget-container\">\n\t\t\t\t\t\t\t\t\t<p>Einmalige Freischaltung notwendig!<\/p>\t\t\t\t\t\t\t\t<\/div>\n\t\t\t\t<\/div>\n\t\t\t\t<div class=\"elementor-element elementor-element-c0cb086 elementor-widget elementor-widget-text-editor\" data-id=\"c0cb086\" data-element_type=\"widget\" data-e-type=\"widget\" data-widget_type=\"text-editor.default\">\n\t\t\t\t<div class=\"elementor-widget-container\">\n\t\t\t\t\t\t\t\t\t<p>Bitte das Formular vollst\u00e4ndig ausf\u00fcllen. Im Anschluss pr\u00fcfen wir die Daten und schalten den Login f\u00fcr dich frei.<\/p>\t\t\t\t\t\t\t\t<\/div>\n\t\t\t\t<\/div>\n\t\t\t\t<div class=\"elementor-element elementor-element-fb20c23 elementor-widget-divider--view-line elementor-widget elementor-widget-divider\" data-id=\"fb20c23\" data-element_type=\"widget\" data-e-type=\"widget\" data-widget_type=\"divider.default\">\n\t\t\t\t<div class=\"elementor-widget-container\">\n\t\t\t\t\t\t\t<div class=\"elementor-divider\">\n\t\t\t<span class=\"elementor-divider-separator\">\n\t\t\t\t\t\t<\/span>\n\t\t<\/div>\n\t\t\t\t\t\t<\/div>\n\t\t\t\t<\/div>\n\t\t\t\t<\/div>\n\t\t\t\t\t<\/div>\n\t\t\t\t<\/div>\n\t\t\t\t\t<\/div>\n\t\t\t\t<\/div>\n\t\t<div class=\"elementor-element elementor-element-28a46e6 e-grid e-con-boxed e-con e-parent\" data-id=\"28a46e6\" data-element_type=\"container\" data-e-type=\"container\">\n\t\t\t\t\t<div class=\"e-con-inner\">\n\t\t\t\t<div class=\"elementor-element elementor-element-030d259 elementor-widget elementor-widget-html\" data-id=\"030d259\" data-element_type=\"widget\" data-e-type=\"widget\" data-widget_type=\"html.default\">\n\t\t\t\t<div class=\"elementor-widget-container\">\n\t\t\t\t\t\r\n<div class=\"w3eden wpdm-auth-page\" id=\"wpdmregpage\">\r\n    <div class=\"wpdm-auth-split\" id=\"wpdmreg\">\r\n                    <div class=\"wpdm-auth-panel\">\r\n                <!-- Left Panel - Decorative -->\r\n                <div class=\"wpdm-auth-left\">\r\n                    <div class=\"wpdm-auth-grid\"><\/div>\r\n                    <div class=\"wpdm-auth-circles\">\r\n                        <div class=\"wpdm-auth-circle\"><\/div>\r\n                        <div class=\"wpdm-auth-circle\"><\/div>\r\n                        <div class=\"wpdm-auth-circle\"><\/div>\r\n                        <div class=\"wpdm-auth-circle\"><\/div>\r\n                    <\/div>\r\n\r\n                    <div class=\"wpdm-auth-brand\">\r\n                        <a href=\"https:\/\/www.weinhammel.de\/en\">\r\n                                                    <img decoding=\"async\" src=\"https:\/\/www.weinhammel.de\/wp-content\/uploads\/2023\/08\/HAMMEL-Krummstab-32px.png\" alt=\"WEINGUT HAMMEL\" \/>\r\n                                                <span>WEINGUT HAMMEL<\/span>\r\n                        <\/a>\r\n                    <\/div>\r\n\r\n                    <div class=\"wpdm-auth-welcome\">\r\n                        <div class=\"wpdm-auth-welcome-sub\">Start your journey<\/div>\r\n                        <div class=\"wpdm-auth-welcome-title\">JOIN US<\/div>\r\n                        <div class=\"wpdm-auth-welcome-line\"><\/div>\r\n                        <div class=\"wpdm-auth-welcome-text\">\r\n                            Create your free account today to access exclusive downloads, manage your files, and unlock all features.                        <\/div>\r\n                    <\/div>\r\n                <\/div>\r\n\r\n                <!-- Right Panel - Form -->\r\n                <div class=\"wpdm-auth-right wpdm-auth-right--scroll\">\r\n                    <div class=\"wpdm-auth-form-header wpdm-auth-form-header--compact\">\r\n                        <h1 class=\"wpdm-auth-form-title\">Create Account<\/h1>\r\n                        <p class=\"wpdm-auth-form-desc\">Fill in your details below to get started with your free account.<\/p>\r\n                    <\/div>\r\n\r\n                    <form method=\"post\" action=\"\" id=\"registerform\" name=\"registerform\">\r\n                        <input type=\"hidden\" id=\"wdpmregnonce\" name=\"wdpmregnonce\" value=\"dca0b94812\" \/><input type=\"hidden\" name=\"_wp_http_referer\" value=\"\/en\/wp-json\/wp\/v2\/pages\/6059\" \/>\r\n                        <div id=\"__signup_msg\"><\/div>\r\n\r\n                                                    \r\n                            <input type='hidden' name='__phash' id='__phash' value='Oz-wpJWmUYdu_XF5TUeHylOMv8Jszhr2P7fGT6p9Dr_cuF4WcbnXs56sNFFZa8uLp7duqQpMy23HGM37nicL0GnYy9kBUBqwqsPz8LFhFh56F_RK-gS98T27HvQqjr1rfD0ZhnHkKhj4l6vBdKYfyoOdsHuax04SFBbxn59BGTthPOkMyp4F-AnfhRWuGLBi90kKPwLEXytZm_wWtMFMplCe8BExlOe2ei7FGy_r-Lw4Eaw9eqdpcq7l96YoS5443OEUnbf19SX1BW7lakYtmqc0AMIegn8IyULL9SFT1PG9DKrWKEiRJqr_a2sUKpcfM8tKzFXOagzGtAJeJyBnJWWM-FmOB1-FBsa_jvxfxg22RVQVW2OnQ42Vw8jb_DppgfwR8VeufnqgvDNTTigIUlsn7k4XR29AWXtiyNby3SdNoWBtkr7ele7FPHgPlmjO0VdOZN4LrVyQkMHHSUXII3g'  \/><input type='hidden' name='__reg_nonce' id='__reg_nonce' value=''  \/><input type='hidden' name='loginurl' id='loginurl' value='https:\/\/www.weinhammel.de\/en\/business-loginformular\/'  \/><input type='hidden' name='permalink' id='permalink' value='https:\/\/www.weinhammel.de\/en\/business-registrierung\/'  \/><input type='hidden' name='reg_redirect' id='reg_redirect' value='https:\/\/www.weinhammel.de\/en\/'  \/><div class='row' id='row_name'><div class='form-group col-md-6 col-sm-12' id='row_0'><div class='input-wrapper text-input-wrapper' id='row_0_wrapper'><label form='0'>First name<\/label><input type='text' name='wpdm_reg[first_name]' id='first_name' placeholder='Your First Name' required='required' class='form-control'  \/><\/div><\/div><div class='form-group col-md-6 col-sm-12' id='row_1'><div class='input-wrapper text-input-wrapper' id='row_1_wrapper'><label form='1'>Last name<\/label><input type='text' name='wpdm_reg[last_name]' id='last_name' placeholder='Your Last Name' required='required' class='form-control'  \/><\/div><\/div><\/div><div class='form-group ' id='row_username'><div class='input-wrapper text-input-wrapper' id='row_username_wrapper'><label form='username'>Username<\/label><input type='text' name='wpdm_reg[user_login]' id='user_login' placeholder='User Login ID' required='required' validate='alphanum' class='form-control'  \/><\/div><\/div><div class='form-group ' id='row_email'><div class='input-wrapper email-input-wrapper' id='row_email_wrapper'><label form='email'>Email<\/label><input type='email' name='wpdm_reg[user_email]' id='user_email' placeholder='Your Email Address' required='required' class='form-control'  \/><\/div><\/div><div class='row' id='row_password'><div class='form-group col-md-6 col-sm-12' id='row_0'><div class='input-wrapper password-input-wrapper' id='row_0_wrapper'><label form='0'>Password<\/label><input type='password' name='wpdm_reg[user_pass]' id='reg_password' placeholder='Password' required='required' strength='0' class='form-control'  \/><\/div><\/div><div class='form-group col-md-6 col-sm-12' id='row_1'><div class='input-wrapper password-input-wrapper' id='row_1_wrapper'><label form='1'>Confirm Password<\/label><input type='password' name='confirm_user_pass' data-match='#reg_password' id='reg_confirm_pass' placeholder='Confirm Password' required='required' class='form-control'  \/><\/div><\/div><\/div>\r\n                            \r\n                                                        <input type=\"hidden\" id=\"wpa_initiator\" class=\"wpa_initiator\" name=\"wpa_initiator\" value=\"\" \/>\r\n                            <button type=\"submit\" class=\"wpdm-auth-btn wpdm-auth-btn--margin-top\" id=\"registerform-submit\" name=\"wp-submit\">\r\n                                <span>Create Account<\/span>\r\n                            <\/button>\r\n                        \r\n                        <!-- Social Login -->\r\n                        \r\n                        <!-- Login Link -->\r\n                                                    <div class=\"wpdm-auth-link\">\r\n                                Already have an account?                                <a href=\"https:\/\/www.weinhammel.de\/en\/business-loginformular\/\">Sign in<\/a>\r\n                            <\/div>\r\n                                            <\/form>\r\n                <\/div>\r\n            <\/div>\r\n            <\/div>\r\n<\/div>\r\n\r\n<script>\r\njQuery(function ($) {\r\n    $('#__reg_nonce').val('03b48d51f8');\r\n\r\n        var $btn = $('#registerform-submit');\r\n    var btnHtml = $btn.html();\r\n\r\n    $('#registerform').submit(function (e) {\r\n        e.preventDefault();\r\n\r\n        if ($('#reg_password').val() !== $('#reg_confirm_pass').val()) {\r\n            $('#reg_confirm_pass').parent('.input-wrapper').addClass('input-error');\r\n            showErr('Passwords do not match.');\r\n            return false;\r\n        } else {\r\n            $('#reg_confirm_pass').parent('.input-wrapper').removeClass('input-error');\r\n        }\r\n\r\n        $btn.html('<span class=\"wpdm-auth-spinner\"><\/span><span>Creating...<\/span>').attr('disabled', 'disabled');\r\n\r\n        var form_data = $(this).serializeArray();\r\n\r\n        $(this).ajaxSubmit({\r\n            success: function (res) {\r\n                if (res.success == false) {\r\n                    showErr(res.message);\r\n                    $btn.html(btnHtml).removeAttr('disabled');\r\n                } else if (res.success == true) {\r\n                    WPDM.doAction(\"wpdm_new_signup\", form_data);\r\n                    $btn.html('<svg viewBox=\"0 0 24 24\" width=\"16\" height=\"16\" fill=\"none\" stroke=\"currentColor\" stroke-width=\"2\"><path d=\"M22 11.08V12a10 10 0 1 1-5.93-9.14\"\/><polyline points=\"22 4 12 14.01 9 11.01\"\/><\/svg><span>Success!<\/span>');\r\n                    setTimeout(function () {\r\n                        location.href = res.redirect_to;\r\n                    }, 1500);\r\n                } else {\r\n                    alert(res);\r\n                }\r\n            },\r\n            error: function() {\r\n                showErr('Something went wrong. Try again.');\r\n                $btn.html(btnHtml).removeAttr('disabled');\r\n            }\r\n        });\r\n\r\n        return false;\r\n    });\r\n    \r\n    function showErr(msg) {\r\n        $('#registerform .wpdm-auth-alert.error').remove();\r\n        var html = '<div class=\"wpdm-auth-alert error\">' +\r\n            '<svg viewBox=\"0 0 24 24\" fill=\"none\" stroke=\"currentColor\" stroke-width=\"2\"><circle cx=\"12\" cy=\"12\" r=\"10\"\/><line x1=\"15\" y1=\"9\" x2=\"9\" y2=\"15\"\/><line x1=\"9\" y1=\"9\" x2=\"15\" y2=\"15\"\/><\/svg>' +\r\n            '<span>' + msg + '<\/span><\/div>';\r\n        $('#__signup_msg').html(html);\r\n    }\r\n\r\n    $('body').on('click', '.wpdm-auth-alert.error', function() {\r\n        $(this).slideUp(150, function() { $(this).remove(); });\r\n    });\r\n\r\n    });\r\n<\/script>\r\n\t\t\t\t<\/div>\n\t\t\t\t<\/div>\n\t\t\t\t\t<\/div>\n\t\t\t\t<\/div>\n\t\t\t\t<\/div>\n\t\t","protected":false},"excerpt":{"rendered":"<p>Business Registrierung Einmalige Freischaltung notwendig! Bitte das Formular vollst\u00e4ndig ausf\u00fcllen. Im Anschluss pr\u00fcfen wir die Daten und schalten den Login f\u00fcr dich frei.<\/p>","protected":false},"author":1,"featured_media":0,"parent":0,"menu_order":0,"comment_status":"closed","ping_status":"closed","template":"elementor_header_footer","meta":{"footnotes":""},"class_list":["post-6059","page","type-page","status-publish","hentry"],"_links":{"self":[{"href":"https:\/\/www.weinhammel.de\/en\/wp-json\/wp\/v2\/pages\/6059","targetHints":{"allow":["GET"]}}],"collection":[{"href":"https:\/\/www.weinhammel.de\/en\/wp-json\/wp\/v2\/pages"}],"about":[{"href":"https:\/\/www.weinhammel.de\/en\/wp-json\/wp\/v2\/types\/page"}],"author":[{"embeddable":true,"href":"https:\/\/www.weinhammel.de\/en\/wp-json\/wp\/v2\/users\/1"}],"replies":[{"embeddable":true,"href":"https:\/\/www.weinhammel.de\/en\/wp-json\/wp\/v2\/comments?post=6059"}],"version-history":[{"count":0,"href":"https:\/\/www.weinhammel.de\/en\/wp-json\/wp\/v2\/pages\/6059\/revisions"}],"wp:attachment":[{"href":"https:\/\/www.weinhammel.de\/en\/wp-json\/wp\/v2\/media?parent=6059"}],"curies":[{"name":"wp","href":"https:\/\/api.w.org\/{rel}","templated":true}]}}